{"id":4610,"date":"2018-01-09T12:26:07","date_gmt":"2018-01-09T11:26:07","guid":{"rendered":"https:\/\/www.arge-auto.at\/?page_id=4610"},"modified":"2024-02-02T08:36:19","modified_gmt":"2024-02-02T07:36:19","slug":"impressum","status":"publish","type":"page","link":"https:\/\/www.arge-auto.at\/en\/impressum\/","title":{"rendered":"Impressum"},"content":{"rendered":"<p><div class=\"fusion-fullwidth fullwidth-box fusion-builder-row-1 fusion-flex-container has-pattern-background has-mask-background nonhundred-percent-fullwidth non-hundred-percent-height-scrolling\" style=\"--awb-background-position:right center;--awb-background-blend-mode:screen;--awb-border-radius-top-left:0px;--awb-border-radius-top-right:0px;--awb-border-radius-bottom-right:0px;--awb-border-radius-bottom-left:0px;--awb-background-image:linear-gradient(180deg, #0056a4 0%,#052040 100%);--awb-flex-wrap:wrap;\" ><div class=\"fusion-builder-row fusion-row fusion-flex-align-items-flex-start fusion-flex-content-wrap\" style=\"max-width:1664px;margin-left: calc(-4% \/ 2 );margin-right: calc(-4% \/ 2 );\"><div class=\"fusion-layout-column fusion_builder_column fusion-builder-column-0 fusion_builder_column_1_2 1_2 fusion-flex-column\" style=\"--awb-bg-size:cover;--awb-width-large:50%;--awb-margin-top-large:0px;--awb-spacing-right-large:3.84%;--awb-margin-bottom-large:20px;--awb-spacing-left-large:3.84%;--awb-width-medium:50%;--awb-order-medium:0;--awb-spacing-right-medium:3.84%;--awb-spacing-left-medium:3.84%;--awb-width-small:100%;--awb-order-small:0;--awb-spacing-right-small:1.92%;--awb-spacing-left-small:1.92%;\"><div class=\"fusion-column-wrapper fusion-column-has-shadow fusion-flex-justify-content-flex-start fusion-content-layout-column\"><div class=\"fusion-title title fusion-title-1 fusion-sep-none fusion-title-text fusion-title-size-one\" style=\"--awb-text-color:#ffffff;--awb-margin-bottom:30px;\"><h1 class=\"fusion-title-heading title-heading-left fusion-responsive-typography-calculated\" style=\"margin:0;--fontSize:54;line-height:1.16;\">Impressum<\/h1><\/div><div class=\"fusion-text fusion-text-1\"><p style=\"color: #ffffff;\"><b>F\u00fcr den Inhalt verantwortlich:<br \/>\n<\/b><span style=\"color: var(--awb-color1); background-color: rgba(255, 255, 255, 0); font-family: var(--body_typography-font-family); font-size: var(--body_typography-font-size); font-style: var(--body_typography-font-style,normal); font-weight: var(--body_typography-font-weight); letter-spacing: var(--body_typography-letter-spacing);\">Arbeitsgemeinschaft Automotive Zulieferindustrie<\/span><\/p>\n<\/div><\/div><\/div><div class=\"fusion-layout-column fusion_builder_column fusion-builder-column-1 fusion_builder_column_1_2 1_2 fusion-flex-column\" style=\"--awb-bg-size:cover;--awb-width-large:50%;--awb-margin-top-large:0px;--awb-spacing-right-large:3.84%;--awb-margin-bottom-large:20px;--awb-spacing-left-large:3.84%;--awb-width-medium:50%;--awb-order-medium:0;--awb-spacing-right-medium:3.84%;--awb-spacing-left-medium:3.84%;--awb-width-small:100%;--awb-order-small:0;--awb-spacing-right-small:1.92%;--awb-spacing-left-small:1.92%;\"><div class=\"fusion-column-wrapper fusion-column-has-shadow fusion-flex-justify-content-flex-start fusion-content-layout-column\"><\/div><\/div><\/div><\/div><div class=\"fusion-fullwidth fullwidth-box fusion-builder-row-2 fusion-flex-container has-pattern-background has-mask-background nonhundred-percent-fullwidth non-hundred-percent-height-scrolling\" style=\"--awb-border-radius-top-left:0px;--awb-border-radius-top-right:0px;--awb-border-radius-bottom-right:0px;--awb-border-radius-bottom-left:0px;--awb-flex-wrap:wrap;\" ><div class=\"fusion-builder-row fusion-row fusion-flex-align-items-flex-start fusion-flex-content-wrap\" style=\"max-width:1664px;margin-left: calc(-4% \/ 2 );margin-right: calc(-4% \/ 2 );\"><div class=\"fusion-layout-column fusion_builder_column fusion-builder-column-2 fusion_builder_column_3_4 3_4 fusion-flex-column fusion-flex-align-self-stretch\" style=\"--awb-bg-size:cover;--awb-width-large:75%;--awb-margin-top-large:0px;--awb-spacing-right-large:2.56%;--awb-margin-bottom-large:20px;--awb-spacing-left-large:2.56%;--awb-width-medium:75%;--awb-order-medium:0;--awb-spacing-right-medium:2.56%;--awb-spacing-left-medium:2.56%;--awb-width-small:100%;--awb-order-small:0;--awb-spacing-right-small:1.92%;--awb-spacing-left-small:1.92%;\"><div class=\"fusion-column-wrapper fusion-column-has-shadow fusion-flex-justify-content-flex-start fusion-content-layout-column\"><div class=\"fusion-text fusion-text-2 fusion-text-no-margin pre-title\" style=\"--awb-content-alignment:left;--awb-text-transform:uppercase;--awb-text-color:var(--awb-color7);--awb-margin-bottom:15px;--awb-text-font-family:&quot;ff-meta-web-pro&quot;;--awb-text-font-style:normal;--awb-text-font-weight:500;\"><p style=\"color: var(--awb-color5);\">Sitz<\/p>\n<\/div><div class=\"fusion-text fusion-text-3\"><p>Wiedner Hauptstra\u00dfe 63, 1045 Wien<br \/>\n<span style=\"background-color: rgba(255, 255, 255, 0); color: var(--body_typography-color); font-family: var(--body_typography-font-family); font-size: var(--body_typography-font-size); font-style: var(--body_typography-font-style,normal); font-weight: var(--body_typography-font-weight); letter-spacing: var(--body_typography-letter-spacing);\">Tel: +43 (0)5 90 900-<\/span>34 82<span style=\"background-color: rgba(255, 255, 255, 0); color: var(--body_typography-color); font-family: var(--body_typography-font-family); font-size: var(--body_typography-font-size); font-style: var(--body_typography-font-style,normal); font-weight: var(--body_typography-font-weight); letter-spacing: var(--body_typography-letter-spacing);\"><br \/>\n<\/span><span style=\"background-color: rgba(255, 255, 255, 0); color: var(--body_typography-color); font-family: var(--body_typography-font-family); font-size: var(--body_typography-font-size); font-style: var(--body_typography-font-style,normal); font-weight: var(--body_typography-font-weight); letter-spacing: var(--body_typography-letter-spacing);\">Fax: +43 (0)1 505 10 20<br \/>\n<\/span><span style=\"background-color: rgba(255, 255, 255, 0); color: var(--body_typography-color); font-family: var(--body_typography-font-family); font-size: var(--body_typography-font-size); font-style: var(--body_typography-font-style,normal); font-weight: var(--body_typography-font-weight); letter-spacing: var(--body_typography-letter-spacing);\">Mail: <u><a href=\"autozulieferer@fmti.at\" target=\"_blank\" rel=\"noopener noreferrer\">autozulieferer@fmti.at<\/a><\/u><\/span><\/p>\n<\/div><\/div><\/div><div class=\"fusion-layout-column fusion_builder_column fusion-builder-column-3 fusion_builder_column_3_4 3_4 fusion-flex-column fusion-flex-align-self-stretch\" style=\"--awb-bg-size:cover;--awb-width-large:75%;--awb-margin-top-large:0px;--awb-spacing-right-large:2.56%;--awb-margin-bottom-large:20px;--awb-spacing-left-large:2.56%;--awb-width-medium:75%;--awb-order-medium:0;--awb-spacing-right-medium:2.56%;--awb-spacing-left-medium:2.56%;--awb-width-small:100%;--awb-order-small:0;--awb-spacing-right-small:1.92%;--awb-spacing-left-small:1.92%;\"><div class=\"fusion-column-wrapper fusion-column-has-shadow fusion-flex-justify-content-flex-start fusion-content-layout-column\"><div class=\"fusion-text fusion-text-4 fusion-text-no-margin pre-title\" style=\"--awb-content-alignment:left;--awb-text-transform:uppercase;--awb-text-color:var(--awb-color7);--awb-margin-bottom:15px;--awb-text-font-family:&quot;ff-meta-web-pro&quot;;--awb-text-font-style:normal;--awb-text-font-weight:500;\"><p style=\"color: var(--awb-color5);\">T\u00e4tigkeitsbereich<\/p>\n<\/div><div class=\"fusion-text fusion-text-5\"><p>Arbeitsgemeinschaft nach \u00a7 16 Wirtschaftskammergesetz zur Vertretung der Interessen ihrer Mitglieder<\/p>\n<\/div><\/div><\/div><div class=\"fusion-layout-column fusion_builder_column fusion-builder-column-4 fusion_builder_column_3_4 3_4 fusion-flex-column fusion-flex-align-self-stretch\" style=\"--awb-bg-size:cover;--awb-width-large:75%;--awb-margin-top-large:0px;--awb-spacing-right-large:2.56%;--awb-margin-bottom-large:20px;--awb-spacing-left-large:2.56%;--awb-width-medium:75%;--awb-order-medium:0;--awb-spacing-right-medium:2.56%;--awb-spacing-left-medium:2.56%;--awb-width-small:100%;--awb-order-small:0;--awb-spacing-right-small:1.92%;--awb-spacing-left-small:1.92%;\"><div class=\"fusion-column-wrapper fusion-column-has-shadow fusion-flex-justify-content-flex-start fusion-content-layout-column\"><div class=\"fusion-text fusion-text-6 fusion-text-no-margin pre-title\" style=\"--awb-content-alignment:left;--awb-text-transform:uppercase;--awb-text-color:var(--awb-color7);--awb-margin-bottom:15px;--awb-text-font-family:&quot;ff-meta-web-pro&quot;;--awb-text-font-style:normal;--awb-text-font-weight:500;\"><p style=\"color: var(--awb-color5);\">Richtung der Website (\u201eBlattlinie\u201c)<\/p>\n<\/div><div class=\"fusion-text fusion-text-7\"><p>F\u00f6rderung der Ziele des T\u00e4tigkeitsbereichs<\/p>\n<\/div><\/div><\/div><div class=\"fusion-layout-column fusion_builder_column fusion-builder-column-5 fusion_builder_column_3_4 3_4 fusion-flex-column fusion-flex-align-self-stretch\" style=\"--awb-bg-size:cover;--awb-width-large:75%;--awb-margin-top-large:0px;--awb-spacing-right-large:2.56%;--awb-margin-bottom-large:20px;--awb-spacing-left-large:2.56%;--awb-width-medium:75%;--awb-order-medium:0;--awb-spacing-right-medium:2.56%;--awb-spacing-left-medium:2.56%;--awb-width-small:100%;--awb-order-small:0;--awb-spacing-right-small:1.92%;--awb-spacing-left-small:1.92%;\"><div class=\"fusion-column-wrapper fusion-column-has-shadow fusion-flex-justify-content-flex-start fusion-content-layout-column\"><div class=\"fusion-text fusion-text-8 fusion-text-no-margin pre-title\" style=\"--awb-content-alignment:left;--awb-text-transform:uppercase;--awb-text-color:var(--awb-color7);--awb-margin-bottom:15px;--awb-text-font-family:&quot;ff-meta-web-pro&quot;;--awb-text-font-style:normal;--awb-text-font-weight:500;\"><p style=\"color: var(--awb-color5);\">Haftungsausschluss<\/p>\n<\/div><div class=\"fusion-text fusion-text-9\"><p>Alle Angaben auf diesen Seiten entsprechen dem aktuellen Wissensstand, sind ohne Gew\u00e4hr und erfolgen unter Ausschluss jeglicher Haftung. \u00c4nderungen, Erg\u00e4nzungen oder Berichtigungen k\u00f6nnen ohne Ank\u00fcndigung erfolgen. Eine Haftung f\u00fcr die Richtigkeit der Ver\u00f6ffentlichungen und Links wird nicht \u00fcbernommen. Die Arbeitsgemeinschaft Oberfl\u00e4chentechnik ist nicht verantwortlich f\u00fcr die Inhalte externer Internetseiten.<\/p>\n<\/div><\/div><\/div><div class=\"fusion-layout-column fusion_builder_column fusion-builder-column-6 fusion_builder_column_3_4 3_4 fusion-flex-column fusion-flex-align-self-stretch\" style=\"--awb-bg-size:cover;--awb-width-large:75%;--awb-margin-top-large:0px;--awb-spacing-right-large:2.56%;--awb-margin-bottom-large:20px;--awb-spacing-left-large:2.56%;--awb-width-medium:75%;--awb-order-medium:0;--awb-spacing-right-medium:2.56%;--awb-spacing-left-medium:2.56%;--awb-width-small:100%;--awb-order-small:0;--awb-spacing-right-small:1.92%;--awb-spacing-left-small:1.92%;\"><div class=\"fusion-column-wrapper fusion-column-has-shadow fusion-flex-justify-content-flex-start fusion-content-layout-column\"><div class=\"fusion-text fusion-text-10 fusion-text-no-margin pre-title\" style=\"--awb-content-alignment:left;--awb-text-transform:uppercase;--awb-text-color:var(--awb-color7);--awb-margin-bottom:15px;--awb-text-font-family:&quot;ff-meta-web-pro&quot;;--awb-text-font-style:normal;--awb-text-font-weight:500;\"><p style=\"color: var(--awb-color5);\">Copyright<\/p>\n<\/div><div class=\"fusion-text fusion-text-11\"><p>Alle Artikel sind urheberrechtlich gesch\u00fctzt und d\u00fcrfen nicht ohne unsere Zustimmung kopiert, vervielf\u00e4ltigt oder \u00fcbernommen werden.<\/p>\n<p><b>Bildverweise &amp; Grafiken:<\/b><\/p>\n<p>Grafiken: Gebr\u00fcder Pixel \u2013 https:\/\/www.gebruederpixel.at<br \/>\n<span style=\"background-color: rgba(255, 255, 255, 0); color: var(--body_typography-color); font-family: var(--body_typography-font-family); font-size: var(--body_typography-font-size); font-style: var(--body_typography-font-style,normal); font-weight: var(--body_typography-font-weight); letter-spacing: var(--body_typography-letter-spacing);\">Weitere Fotos und Grafiken aus Bilddatenbanken oder privat zur Verf\u00fcgung gestellt.<\/span><\/p>\n<\/div><\/div><\/div><div class=\"fusion-layout-column fusion_builder_column fusion-builder-column-7 fusion_builder_column_3_4 3_4 fusion-flex-column fusion-flex-align-self-stretch\" style=\"--awb-bg-size:cover;--awb-width-large:75%;--awb-margin-top-large:0px;--awb-spacing-right-large:2.56%;--awb-margin-bottom-large:20px;--awb-spacing-left-large:2.56%;--awb-width-medium:75%;--awb-order-medium:0;--awb-spacing-right-medium:2.56%;--awb-spacing-left-medium:2.56%;--awb-width-small:100%;--awb-order-small:0;--awb-spacing-right-small:1.92%;--awb-spacing-left-small:1.92%;\"><div class=\"fusion-column-wrapper fusion-column-has-shadow fusion-flex-justify-content-flex-start fusion-content-layout-column\"><div class=\"fusion-text fusion-text-12 fusion-text-no-margin pre-title\" style=\"--awb-content-alignment:left;--awb-text-transform:uppercase;--awb-text-color:var(--awb-color7);--awb-margin-bottom:15px;--awb-text-font-family:&quot;ff-meta-web-pro&quot;;--awb-text-font-style:normal;--awb-text-font-weight:500;\"><p style=\"color: var(--awb-color5);\">Webdesign, Hosting &amp; technische Betreuung<\/p>\n<\/div><div class=\"fusion-text fusion-text-13\"><p><b>Gebr\u00fcder Pixel<\/b><br \/>\n<span style=\"background-color: rgba(255, 255, 255, 0); color: var(--body_typography-color); font-family: var(--body_typography-font-family); font-size: var(--body_typography-font-size); font-style: var(--body_typography-font-style,normal); font-weight: var(--body_typography-font-weight); letter-spacing: var(--body_typography-letter-spacing);\">Kr\u00e4nkl &amp; Sandpeck OG<br \/>\n<\/span><span style=\"background-color: rgba(255, 255, 255, 0); color: var(--body_typography-color); font-family: var(--body_typography-font-family); font-size: var(--body_typography-font-size); font-style: var(--body_typography-font-style,normal); font-weight: var(--body_typography-font-weight); letter-spacing: var(--body_typography-letter-spacing);\">Schlie\u00dfmanngasse 18\/2<br \/>\n<\/span><span style=\"background-color: rgba(255, 255, 255, 0); color: var(--body_typography-color); font-family: var(--body_typography-font-family); font-size: var(--body_typography-font-size); font-style: var(--body_typography-font-style,normal); font-weight: var(--body_typography-font-weight); letter-spacing: var(--body_typography-letter-spacing);\">1130 Wien<br \/>\n<\/span><span style=\"background-color: rgba(255, 255, 255, 0); color: var(--body_typography-color); font-family: var(--body_typography-font-family); font-size: var(--body_typography-font-size); font-style: var(--body_typography-font-style,normal); font-weight: var(--body_typography-font-weight); letter-spacing: var(--body_typography-letter-spacing);\"><u><a href=\"hallo@gebruederpixel.at\" target=\"_blank\" rel=\"noopener noreferrer\">hallo@gebruederpixel.at<\/a><\/u><br \/>\n<\/span><span style=\"background-color: rgba(255, 255, 255, 0); color: var(--body_typography-color); font-family: var(--body_typography-font-family); font-size: var(--body_typography-font-size); font-style: var(--body_typography-font-style,normal); font-weight: var(--body_typography-font-weight); letter-spacing: var(--body_typography-letter-spacing);\"><u><a href=\"https:\/\/www.gebruederpixel.at\" target=\"_blank\" rel=\"noopener noreferrer\">https:\/\/www.gebruederpixel.at<\/a><\/u><\/span><\/p>\n<\/div><\/div><\/div><\/div><\/div><\/p>\n","protected":false},"excerpt":{"rendered":"","protected":false},"author":1,"featured_media":0,"parent":0,"menu_order":0,"comment_status":"closed","ping_status":"closed","template":"100-width.php","meta":{"_acf_changed":false,"footnotes":""},"class_list":["post-4610","page","type-page","status-publish","hentry"],"acf":[],"yoast_head":"<!-- This site is optimized with the Yoast SEO plugin v27.3 - https:\/\/yoast.com\/product\/yoast-seo-wordpress\/ -->\n<title>Impressum - ARGE Automotive Zulieferindustrie<\/title>\n<meta name=\"robots\" content=\"index, follow, max-snippet:-1, max-image-preview:large, max-video-preview:-1\" \/>\n<link rel=\"canonical\" href=\"https:\/\/www.arge-auto.at\/en\/impressum\/\" \/>\n<meta property=\"og:locale\" content=\"en_US\" \/>\n<meta property=\"og:type\" content=\"article\" \/>\n<meta property=\"og:title\" content=\"Impressum - ARGE Automotive Zulieferindustrie\" \/>\n<meta property=\"og:url\" content=\"https:\/\/www.arge-auto.at\/en\/impressum\/\" \/>\n<meta property=\"og:site_name\" content=\"ARGE Automotive Zulieferindustrie\" \/>\n<meta property=\"article:modified_time\" content=\"2024-02-02T07:36:19+00:00\" \/>\n<meta name=\"twitter:card\" content=\"summary_large_image\" \/>\n<meta name=\"twitter:label1\" content=\"Est. reading time\" \/>\n\t<meta name=\"twitter:data1\" content=\"6 minutes\" \/>\n<script type=\"application\/ld+json\" class=\"yoast-schema-graph\">{\"@context\":\"https:\\\/\\\/schema.org\",\"@graph\":[{\"@type\":\"WebPage\",\"@id\":\"https:\\\/\\\/www.arge-auto.at\\\/en\\\/impressum\\\/\",\"url\":\"https:\\\/\\\/www.arge-auto.at\\\/en\\\/impressum\\\/\",\"name\":\"Impressum - ARGE Automotive Zulieferindustrie\",\"isPartOf\":{\"@id\":\"https:\\\/\\\/www.arge-auto.at\\\/en\\\/#website\"},\"datePublished\":\"2018-01-09T11:26:07+00:00\",\"dateModified\":\"2024-02-02T07:36:19+00:00\",\"breadcrumb\":{\"@id\":\"https:\\\/\\\/www.arge-auto.at\\\/en\\\/impressum\\\/#breadcrumb\"},\"inLanguage\":\"en-US\",\"potentialAction\":[{\"@type\":\"ReadAction\",\"target\":[\"https:\\\/\\\/www.arge-auto.at\\\/en\\\/impressum\\\/\"]}]},{\"@type\":\"BreadcrumbList\",\"@id\":\"https:\\\/\\\/www.arge-auto.at\\\/en\\\/impressum\\\/#breadcrumb\",\"itemListElement\":[{\"@type\":\"ListItem\",\"position\":1,\"name\":\"Startseite\",\"item\":\"https:\\\/\\\/www.arge-auto.at\\\/en\\\/\"},{\"@type\":\"ListItem\",\"position\":2,\"name\":\"Impressum\"}]},{\"@type\":\"WebSite\",\"@id\":\"https:\\\/\\\/www.arge-auto.at\\\/en\\\/#website\",\"url\":\"https:\\\/\\\/www.arge-auto.at\\\/en\\\/\",\"name\":\"Automotive Zulieferindustrie\",\"description\":\"Wir f\u00f6rdern die Liefer- und Kooperationsf\u00e4higkeit der \u00f6sterreichischen Automotiven Zulieferindustrie\",\"publisher\":{\"@id\":\"https:\\\/\\\/www.arge-auto.at\\\/en\\\/#organization\"},\"alternateName\":\"ARGE-Auto\",\"potentialAction\":[{\"@type\":\"SearchAction\",\"target\":{\"@type\":\"EntryPoint\",\"urlTemplate\":\"https:\\\/\\\/www.arge-auto.at\\\/en\\\/?s={search_term_string}\"},\"query-input\":{\"@type\":\"PropertyValueSpecification\",\"valueRequired\":true,\"valueName\":\"search_term_string\"}}],\"inLanguage\":\"en-US\"},{\"@type\":\"Organization\",\"@id\":\"https:\\\/\\\/www.arge-auto.at\\\/en\\\/#organization\",\"name\":\"Automotive Zulieferindustrie\",\"alternateName\":\"ARGE-Auto\",\"url\":\"https:\\\/\\\/www.arge-auto.at\\\/en\\\/\",\"logo\":{\"@type\":\"ImageObject\",\"inLanguage\":\"en-US\",\"@id\":\"https:\\\/\\\/www.arge-auto.at\\\/en\\\/#\\\/schema\\\/logo\\\/image\\\/\",\"url\":\"https:\\\/\\\/www.arge-auto.at\\\/wp-content\\\/uploads\\\/2022\\\/11\\\/Open-Graph-3.0.png\",\"contentUrl\":\"https:\\\/\\\/www.arge-auto.at\\\/wp-content\\\/uploads\\\/2022\\\/11\\\/Open-Graph-3.0.png\",\"width\":1200,\"height\":600,\"caption\":\"Automotive Zulieferindustrie\"},\"image\":{\"@id\":\"https:\\\/\\\/www.arge-auto.at\\\/en\\\/#\\\/schema\\\/logo\\\/image\\\/\"}}]}<\/script>\n<!-- \/ Yoast SEO plugin. -->","yoast_head_json":{"title":"Impressum - ARGE Automotive Zulieferindustrie","robots":{"index":"index","follow":"follow","max-snippet":"max-snippet:-1","max-image-preview":"max-image-preview:large","max-video-preview":"max-video-preview:-1"},"canonical":"https:\/\/www.arge-auto.at\/en\/impressum\/","og_locale":"en_US","og_type":"article","og_title":"Impressum - ARGE Automotive Zulieferindustrie","og_url":"https:\/\/www.arge-auto.at\/en\/impressum\/","og_site_name":"ARGE Automotive Zulieferindustrie","article_modified_time":"2024-02-02T07:36:19+00:00","twitter_card":"summary_large_image","twitter_misc":{"Est. reading time":"6 minutes"},"schema":{"@context":"https:\/\/schema.org","@graph":[{"@type":"WebPage","@id":"https:\/\/www.arge-auto.at\/en\/impressum\/","url":"https:\/\/www.arge-auto.at\/en\/impressum\/","name":"Impressum - ARGE Automotive Zulieferindustrie","isPartOf":{"@id":"https:\/\/www.arge-auto.at\/en\/#website"},"datePublished":"2018-01-09T11:26:07+00:00","dateModified":"2024-02-02T07:36:19+00:00","breadcrumb":{"@id":"https:\/\/www.arge-auto.at\/en\/impressum\/#breadcrumb"},"inLanguage":"en-US","potentialAction":[{"@type":"ReadAction","target":["https:\/\/www.arge-auto.at\/en\/impressum\/"]}]},{"@type":"BreadcrumbList","@id":"https:\/\/www.arge-auto.at\/en\/impressum\/#breadcrumb","itemListElement":[{"@type":"ListItem","position":1,"name":"Startseite","item":"https:\/\/www.arge-auto.at\/en\/"},{"@type":"ListItem","position":2,"name":"Impressum"}]},{"@type":"WebSite","@id":"https:\/\/www.arge-auto.at\/en\/#website","url":"https:\/\/www.arge-auto.at\/en\/","name":"Automotive Zulieferindustrie","description":"Wir f\u00f6rdern die Liefer- und Kooperationsf\u00e4higkeit der \u00f6sterreichischen Automotiven Zulieferindustrie","publisher":{"@id":"https:\/\/www.arge-auto.at\/en\/#organization"},"alternateName":"ARGE-Auto","potentialAction":[{"@type":"SearchAction","target":{"@type":"EntryPoint","urlTemplate":"https:\/\/www.arge-auto.at\/en\/?s={search_term_string}"},"query-input":{"@type":"PropertyValueSpecification","valueRequired":true,"valueName":"search_term_string"}}],"inLanguage":"en-US"},{"@type":"Organization","@id":"https:\/\/www.arge-auto.at\/en\/#organization","name":"Automotive Zulieferindustrie","alternateName":"ARGE-Auto","url":"https:\/\/www.arge-auto.at\/en\/","logo":{"@type":"ImageObject","inLanguage":"en-US","@id":"https:\/\/www.arge-auto.at\/en\/#\/schema\/logo\/image\/","url":"https:\/\/www.arge-auto.at\/wp-content\/uploads\/2022\/11\/Open-Graph-3.0.png","contentUrl":"https:\/\/www.arge-auto.at\/wp-content\/uploads\/2022\/11\/Open-Graph-3.0.png","width":1200,"height":600,"caption":"Automotive Zulieferindustrie"},"image":{"@id":"https:\/\/www.arge-auto.at\/en\/#\/schema\/logo\/image\/"}}]}},"_links":{"self":[{"href":"https:\/\/www.arge-auto.at\/en\/wp-json\/wp\/v2\/pages\/4610","targetHints":{"allow":["GET"]}}],"collection":[{"href":"https:\/\/www.arge-auto.at\/en\/wp-json\/wp\/v2\/pages"}],"about":[{"href":"https:\/\/www.arge-auto.at\/en\/wp-json\/wp\/v2\/types\/page"}],"author":[{"embeddable":true,"href":"https:\/\/www.arge-auto.at\/en\/wp-json\/wp\/v2\/users\/1"}],"replies":[{"embeddable":true,"href":"https:\/\/www.arge-auto.at\/en\/wp-json\/wp\/v2\/comments?post=4610"}],"version-history":[{"count":1,"href":"https:\/\/www.arge-auto.at\/en\/wp-json\/wp\/v2\/pages\/4610\/revisions"}],"predecessor-version":[{"id":4611,"href":"https:\/\/www.arge-auto.at\/en\/wp-json\/wp\/v2\/pages\/4610\/revisions\/4611"}],"wp:attachment":[{"href":"https:\/\/www.arge-auto.at\/en\/wp-json\/wp\/v2\/media?parent=4610"}],"curies":[{"name":"wp","href":"https:\/\/api.w.org\/{rel}","templated":true}]}}