{"id":4612,"date":"2022-08-17T13:42:01","date_gmt":"2022-08-17T11:42:01","guid":{"rendered":"https:\/\/www.arge-auto.at\/?page_id=4612"},"modified":"2026-04-30T11:19:55","modified_gmt":"2026-04-30T09:19:55","slug":"industry","status":"publish","type":"page","link":"https:\/\/www.arge-auto.at\/en\/industry\/","title":{"rendered":"Industry"},"content":{"rendered":"<p><div class=\"fusion-fullwidth fullwidth-box fusion-builder-row-1 fusion-flex-container has-pattern-background has-mask-background nonhundred-percent-fullwidth non-hundred-percent-height-scrolling\" style=\"--awb-background-position:right center;--awb-background-blend-mode:screen;--awb-border-radius-top-left:0px;--awb-border-radius-top-right:0px;--awb-border-radius-bottom-right:0px;--awb-border-radius-bottom-left:0px;--awb-padding-top-small:50px;--awb-padding-bottom-small:50px;--awb-background-image:linear-gradient(180deg, #0056a4 0%,#052040 100%);--awb-flex-wrap:wrap;\" ><div class=\"fusion-builder-row fusion-row fusion-flex-align-items-flex-start fusion-flex-content-wrap\" style=\"max-width:1664px;margin-left: calc(-4% \/ 2 );margin-right: calc(-4% \/ 2 );\"><div class=\"fusion-layout-column fusion_builder_column fusion-builder-column-0 fusion_builder_column_1_2 1_2 fusion-flex-column fusion-flex-align-self-stretch\" style=\"--awb-bg-size:cover;--awb-width-large:50%;--awb-margin-top-large:0px;--awb-spacing-right-large:3.84%;--awb-margin-bottom-large:20px;--awb-spacing-left-large:3.84%;--awb-width-medium:50%;--awb-order-medium:0;--awb-spacing-right-medium:3.84%;--awb-spacing-left-medium:3.84%;--awb-width-small:100%;--awb-order-small:0;--awb-spacing-right-small:1.92%;--awb-spacing-left-small:1.92%;\"><div class=\"fusion-column-wrapper fusion-column-has-shadow fusion-flex-justify-content-flex-start fusion-content-layout-column\"><div class=\"fusion-title title fusion-title-1 fusion-sep-none fusion-title-text fusion-title-size-one\" style=\"--awb-text-color:#ffffff;--awb-margin-bottom:30px;\"><h1 class=\"fusion-title-heading title-heading-left fusion-responsive-typography-calculated\" style=\"margin:0;--fontSize:54;line-height:1.16;\">The industry<\/h1><\/div><div class=\"fusion-text fusion-text-1 fusion-text-no-margin\" style=\"--awb-letter-spacing:2px;--awb-text-transform:uppercase;--awb-text-color:var(--awb-color1);--awb-margin-bottom:0px;\"><p>Business NETWORK<\/p>\n<\/div><\/div><\/div><div class=\"fusion-layout-column fusion_builder_column fusion-builder-column-1 fusion_builder_column_1_2 1_2 fusion-flex-column fusion-flex-align-self-stretch\" style=\"--awb-bg-size:cover;--awb-width-large:50%;--awb-margin-top-large:0px;--awb-spacing-right-large:3.84%;--awb-margin-bottom-large:20px;--awb-spacing-left-large:3.84%;--awb-width-medium:50%;--awb-order-medium:0;--awb-spacing-right-medium:3.84%;--awb-spacing-left-medium:3.84%;--awb-width-small:100%;--awb-order-small:0;--awb-spacing-right-small:1.92%;--awb-spacing-left-small:1.92%;\"><div class=\"fusion-column-wrapper fusion-column-has-shadow fusion-flex-justify-content-flex-start fusion-content-layout-column\"><\/div><\/div><div class=\"fusion-layout-column fusion_builder_column fusion-builder-column-2 fusion_builder_column_1_2 1_2 fusion-flex-column\" style=\"--awb-bg-size:cover;--awb-width-large:50%;--awb-margin-top-large:0px;--awb-spacing-right-large:3.84%;--awb-margin-bottom-large:20px;--awb-spacing-left-large:3.84%;--awb-width-medium:50%;--awb-order-medium:0;--awb-spacing-right-medium:3.84%;--awb-spacing-left-medium:3.84%;--awb-width-small:100%;--awb-order-small:0;--awb-spacing-right-small:1.92%;--awb-spacing-left-small:1.92%;\"><div class=\"fusion-column-wrapper fusion-column-has-shadow fusion-flex-justify-content-flex-start fusion-content-layout-column\"><div class=\"fusion-text fusion-text-2 fusion-text-no-margin\" style=\"--awb-text-color:var(--awb-color1);--awb-margin-bottom:0px;\"><p>The Automotive Supply Industry is one of largest and most productive industrial sectors in the country and forms an essential part of the Austrian economy.<\/p>\n<p>In concrete figures, Austria\u2019s automotive suppliers generate a production value of EUR 24.4 billion and around EUR 7.38 billion in added value (reference year 2018 \u2013 projection). The numerous enterprises in the Automotive Supply Industry employ approximately 80,200 people all across Austria.<\/p>\n<\/div><\/div><\/div><div class=\"fusion-layout-column fusion_builder_column fusion-builder-column-3 fusion_builder_column_1_2 1_2 fusion-flex-column\" style=\"--awb-bg-size:cover;--awb-width-large:50%;--awb-margin-top-large:0px;--awb-spacing-right-large:3.84%;--awb-margin-bottom-large:20px;--awb-spacing-left-large:3.84%;--awb-width-medium:50%;--awb-order-medium:0;--awb-spacing-right-medium:3.84%;--awb-spacing-left-medium:3.84%;--awb-width-small:100%;--awb-order-small:0;--awb-spacing-right-small:1.92%;--awb-spacing-left-small:1.92%;\"><div class=\"fusion-column-wrapper fusion-column-has-shadow fusion-flex-justify-content-flex-start fusion-content-layout-column\"><div class=\"fusion-text fusion-text-3 fusion-text-no-margin\" style=\"--awb-text-color:var(--awb-color1);--awb-margin-bottom:0px;\"><p>In addition to a high degree of networking and its resulting tremendous impetus (multiplier effects across companies), the Automotive Supply Industry is characterised, above all, by a heterogeneous structure. The enterprise spectrum ranges from companies in the Textile Industry to Metaltechnology Industries and the Electrical and Electronics Industries. Current structural changes reinforces this diversity even further. In the field of electric mobility, for example, start-ups and \u201cestablished\u201d tech companies supplement and alter the structure of the population.<\/p>\n<\/div><\/div><\/div><\/div><\/div><div id=\"unternehmer-netzwerk\" class=\"fusion-container-anchor\"><div class=\"fusion-fullwidth fullwidth-box fusion-builder-row-2 fusion-flex-container has-pattern-background has-mask-background nonhundred-percent-fullwidth non-hundred-percent-height-scrolling\" style=\"--awb-border-radius-top-left:0px;--awb-border-radius-top-right:0px;--awb-border-radius-bottom-right:0px;--awb-border-radius-bottom-left:0px;--awb-padding-top-small:50px;--awb-padding-bottom-small:50px;--awb-flex-wrap:wrap;\" ><div class=\"fusion-builder-row fusion-row fusion-flex-align-items-flex-start fusion-flex-content-wrap\" style=\"max-width:1664px;margin-left: calc(-4% \/ 2 );margin-right: calc(-4% \/ 2 );\"><div class=\"fusion-layout-column fusion_builder_column fusion-builder-column-4 fusion_builder_column_1_1 1_1 fusion-flex-column\" style=\"--awb-bg-size:cover;--awb-width-large:100%;--awb-margin-top-large:0px;--awb-spacing-right-large:1.92%;--awb-margin-bottom-large:20px;--awb-spacing-left-large:1.92%;--awb-width-medium:100%;--awb-order-medium:0;--awb-spacing-right-medium:1.92%;--awb-spacing-left-medium:1.92%;--awb-width-small:100%;--awb-order-small:0;--awb-spacing-right-small:1.92%;--awb-spacing-left-small:1.92%;\"><div class=\"fusion-column-wrapper fusion-column-has-shadow fusion-flex-justify-content-flex-start fusion-content-layout-column\">    <section id=\"abss_companies\" class=\"abss_companies\">\n        <div class=\"abss_companies__filter-wrapper\">\n            <form class=\"flex flex-row abss_companies__filter column-break\" id=\"abss_companies__filter\"\n                  role=\"search\" aria-label=\"Company Search\">\n                <div class=\"col-33\">\n                    <label for=\"abss-search\">Search term<\/label>\n                    <input type=\"search\" id=\"abss-search\" placeholder=\"Search term\" name=\"search\" value=\"\" autocomplete=\"off\">\n                <\/div>\n                <div class=\"col-33\">\n                    <label for=\"abss-kategorie\">Category<\/label>\n                    <select id=\"abss-kategorie\" name=\"produktkategorie\">\n                        <option value=\"\">All Categories<\/option>\n                        <option value=\"120\">Antriebssysteme Und Komponenten<\/option><option value=\"487\">Karosserie<\/option><option value=\"492\">Fahrwerk Und Aufh\u00e4ngung<\/option><option value=\"498\">Bremsen<\/option><option value=\"502\">Elektronik, Kabel Und Steuerungssysteme<\/option><option value=\"508\">Innenausstattung<\/option><option value=\"517\">Klimaanlage Und Bel\u00fcftung<\/option><option value=\"521\">Kraftstoffsysteme Und Komponenten<\/option><option value=\"526\">Fahrzeugaufbau Und -struktur<\/option><option value=\"530\">Sicherheitssysteme<\/option><option value=\"534\">Hydraulik Und Pneumatik<\/option><option value=\"537\">Elektro- Und Hybridfahrzeugkomponenten<\/option><option value=\"540\">E-mobilit\u00e4t<\/option><option value=\"545\">Batterien E-mobilit\u00e4t<\/option><option value=\"546\">Batterien Konventioneller Antrieb<\/option><option value=\"547\">Zuberh\u00f6r Und Aftermarket-produkte<\/option><option value=\"551\">Fertigungstechnik Und Produktionssysteme<\/option><option value=\"555\">Simulation, Dienstleistungen Und Messger\u00e4te<\/option><option value=\"556\">Materialien Und Werkstoffe<\/option><option value=\"560\">Assistenz, Softwaresysteme Und Sensorik<\/option><option value=\"561\">Sonstige Teile Und Vorprodukte<\/option><option value=\"562\">Sonderfahrzeuge<\/option><option value=\"564\">Anlagen, Maschinen Und Werkzeuge F\u00fcr Die Automotive Zulieferindustrie<\/option><option value=\"565\">Oberfl\u00e4chentechnik F\u00fcr Teile Der Automotiven Zulieferindustrie<\/option><option value=\"566\">Reifen Und Felgen<\/option>                    <\/select>\n                <\/div>\n                <div class=\"col-33\">\n                    <label for=\"abss-bundesland\">State<\/label>\n                    <select id=\"abss-bundesland\" name=\"bundesland\">\n                        <option value=\"\">All States<\/option>\n                        <option value=\"1\">Burgenland<\/option><option value=\"2\">K\u00e4rnten<\/option><option value=\"3\">Nieder\u00f6sterreich<\/option><option value=\"4\">Ober\u00f6sterreich<\/option><option value=\"5\">Salzburg<\/option><option value=\"6\">Steiermark<\/option><option value=\"7\">Tirol<\/option><option value=\"8\">Vorarlberg<\/option><option value=\"9\">Wien<\/option>                    <\/select>\n                <\/div>\n            <\/form>\n        <\/div>\n        <div class=\"abss_companies__count\">\n            <span class=\"abss_companies__count__qty\" aria-live=\"polite\" aria-atomic=\"true\">\n                <span class=\"abss_companies__count__qty__int\">Loading...<\/span>\n            <\/span>\n        <\/div>\n        <div class=\"abss_companies__results\">\n            <div class=\"flex flex-row abss_companies__results__headlines column-break hide-mobile\">\n                <div class=\"col-33\"><span class=\"abss_companies__results__headlines__title\">Company<\/span><\/div>\n                <div class=\"col-33\"><span class=\"abss_companies__results__headlines__title\">Contact<\/span><\/div>\n                <div class=\"col-33\"><span class=\"abss_companies__results__headlines__title\">Areas<\/span><\/div>\n            <\/div>\n            <div class=\"flex flex-column abss_companies__results__items column-break\">\n                <div class=\"abss_companies__results__items__page ac_page\" id=\"abss_items\"><\/div>\n                <nav class=\"abss-pagination-wrapper\" aria-label=\"Page Navigation\">\n                    <ul class=\"abss_companies__results__pagination\" id=\"abss_pagination\"><\/ul>\n                <\/nav>\n            <\/div>\n        <\/div>\n    <\/section>\n    <\/div><\/div><\/div><\/div><\/div><\/p>\n","protected":false},"excerpt":{"rendered":"","protected":false},"author":1,"featured_media":0,"parent":0,"menu_order":0,"comment_status":"closed","ping_status":"closed","template":"100-width.php","meta":{"_acf_changed":false,"footnotes":""},"class_list":["post-4612","page","type-page","status-publish","hentry"],"acf":[],"yoast_head":"<!-- This site is optimized with the Yoast SEO plugin v27.4 - https:\/\/yoast.com\/product\/yoast-seo-wordpress\/ -->\n<title>Industry - ARGE Automotive Zulieferindustrie<\/title>\n<meta name=\"robots\" content=\"index, follow, max-snippet:-1, max-image-preview:large, max-video-preview:-1\" \/>\n<link rel=\"canonical\" href=\"https:\/\/www.arge-auto.at\/en\/industry\/\" \/>\n<meta property=\"og:locale\" content=\"en_US\" \/>\n<meta property=\"og:type\" content=\"article\" \/>\n<meta property=\"og:title\" content=\"Industry - ARGE Automotive Zulieferindustrie\" \/>\n<meta property=\"og:url\" content=\"https:\/\/www.arge-auto.at\/en\/industry\/\" \/>\n<meta property=\"og:site_name\" content=\"ARGE Automotive Zulieferindustrie\" \/>\n<meta property=\"article:modified_time\" content=\"2026-04-30T09:19:55+00:00\" \/>\n<meta name=\"twitter:card\" content=\"summary_large_image\" \/>\n<meta name=\"twitter:label1\" content=\"Est. reading time\" \/>\n\t<meta name=\"twitter:data1\" content=\"2 minutes\" \/>\n<script type=\"application\/ld+json\" class=\"yoast-schema-graph\">{\"@context\":\"https:\\\/\\\/schema.org\",\"@graph\":[{\"@type\":\"WebPage\",\"@id\":\"https:\\\/\\\/www.arge-auto.at\\\/en\\\/industry\\\/\",\"url\":\"https:\\\/\\\/www.arge-auto.at\\\/en\\\/industry\\\/\",\"name\":\"Industry - ARGE Automotive Zulieferindustrie\",\"isPartOf\":{\"@id\":\"https:\\\/\\\/www.arge-auto.at\\\/en\\\/#website\"},\"datePublished\":\"2022-08-17T11:42:01+00:00\",\"dateModified\":\"2026-04-30T09:19:55+00:00\",\"breadcrumb\":{\"@id\":\"https:\\\/\\\/www.arge-auto.at\\\/en\\\/industry\\\/#breadcrumb\"},\"inLanguage\":\"en-US\",\"potentialAction\":[{\"@type\":\"ReadAction\",\"target\":[\"https:\\\/\\\/www.arge-auto.at\\\/en\\\/industry\\\/\"]}]},{\"@type\":\"BreadcrumbList\",\"@id\":\"https:\\\/\\\/www.arge-auto.at\\\/en\\\/industry\\\/#breadcrumb\",\"itemListElement\":[{\"@type\":\"ListItem\",\"position\":1,\"name\":\"Startseite\",\"item\":\"https:\\\/\\\/www.arge-auto.at\\\/en\\\/\"},{\"@type\":\"ListItem\",\"position\":2,\"name\":\"Industry\"}]},{\"@type\":\"WebSite\",\"@id\":\"https:\\\/\\\/www.arge-auto.at\\\/en\\\/#website\",\"url\":\"https:\\\/\\\/www.arge-auto.at\\\/en\\\/\",\"name\":\"Automotive Zulieferindustrie\",\"description\":\"Wir f\u00f6rdern die Liefer- und Kooperationsf\u00e4higkeit der \u00f6sterreichischen Automotiven Zulieferindustrie\",\"publisher\":{\"@id\":\"https:\\\/\\\/www.arge-auto.at\\\/en\\\/#organization\"},\"alternateName\":\"ARGE-Auto\",\"potentialAction\":[{\"@type\":\"SearchAction\",\"target\":{\"@type\":\"EntryPoint\",\"urlTemplate\":\"https:\\\/\\\/www.arge-auto.at\\\/en\\\/?s={search_term_string}\"},\"query-input\":{\"@type\":\"PropertyValueSpecification\",\"valueRequired\":true,\"valueName\":\"search_term_string\"}}],\"inLanguage\":\"en-US\"},{\"@type\":\"Organization\",\"@id\":\"https:\\\/\\\/www.arge-auto.at\\\/en\\\/#organization\",\"name\":\"Automotive Zulieferindustrie\",\"alternateName\":\"ARGE-Auto\",\"url\":\"https:\\\/\\\/www.arge-auto.at\\\/en\\\/\",\"logo\":{\"@type\":\"ImageObject\",\"inLanguage\":\"en-US\",\"@id\":\"https:\\\/\\\/www.arge-auto.at\\\/en\\\/#\\\/schema\\\/logo\\\/image\\\/\",\"url\":\"https:\\\/\\\/www.arge-auto.at\\\/wp-content\\\/uploads\\\/2022\\\/11\\\/Open-Graph-3.0.png\",\"contentUrl\":\"https:\\\/\\\/www.arge-auto.at\\\/wp-content\\\/uploads\\\/2022\\\/11\\\/Open-Graph-3.0.png\",\"width\":1200,\"height\":600,\"caption\":\"Automotive Zulieferindustrie\"},\"image\":{\"@id\":\"https:\\\/\\\/www.arge-auto.at\\\/en\\\/#\\\/schema\\\/logo\\\/image\\\/\"}}]}<\/script>\n<!-- \/ Yoast SEO plugin. -->","yoast_head_json":{"title":"Industry - ARGE Automotive Zulieferindustrie","robots":{"index":"index","follow":"follow","max-snippet":"max-snippet:-1","max-image-preview":"max-image-preview:large","max-video-preview":"max-video-preview:-1"},"canonical":"https:\/\/www.arge-auto.at\/en\/industry\/","og_locale":"en_US","og_type":"article","og_title":"Industry - ARGE Automotive Zulieferindustrie","og_url":"https:\/\/www.arge-auto.at\/en\/industry\/","og_site_name":"ARGE Automotive Zulieferindustrie","article_modified_time":"2026-04-30T09:19:55+00:00","twitter_card":"summary_large_image","twitter_misc":{"Est. reading time":"2 minutes"},"schema":{"@context":"https:\/\/schema.org","@graph":[{"@type":"WebPage","@id":"https:\/\/www.arge-auto.at\/en\/industry\/","url":"https:\/\/www.arge-auto.at\/en\/industry\/","name":"Industry - ARGE Automotive Zulieferindustrie","isPartOf":{"@id":"https:\/\/www.arge-auto.at\/en\/#website"},"datePublished":"2022-08-17T11:42:01+00:00","dateModified":"2026-04-30T09:19:55+00:00","breadcrumb":{"@id":"https:\/\/www.arge-auto.at\/en\/industry\/#breadcrumb"},"inLanguage":"en-US","potentialAction":[{"@type":"ReadAction","target":["https:\/\/www.arge-auto.at\/en\/industry\/"]}]},{"@type":"BreadcrumbList","@id":"https:\/\/www.arge-auto.at\/en\/industry\/#breadcrumb","itemListElement":[{"@type":"ListItem","position":1,"name":"Startseite","item":"https:\/\/www.arge-auto.at\/en\/"},{"@type":"ListItem","position":2,"name":"Industry"}]},{"@type":"WebSite","@id":"https:\/\/www.arge-auto.at\/en\/#website","url":"https:\/\/www.arge-auto.at\/en\/","name":"Automotive Zulieferindustrie","description":"Wir f\u00f6rdern die Liefer- und Kooperationsf\u00e4higkeit der \u00f6sterreichischen Automotiven Zulieferindustrie","publisher":{"@id":"https:\/\/www.arge-auto.at\/en\/#organization"},"alternateName":"ARGE-Auto","potentialAction":[{"@type":"SearchAction","target":{"@type":"EntryPoint","urlTemplate":"https:\/\/www.arge-auto.at\/en\/?s={search_term_string}"},"query-input":{"@type":"PropertyValueSpecification","valueRequired":true,"valueName":"search_term_string"}}],"inLanguage":"en-US"},{"@type":"Organization","@id":"https:\/\/www.arge-auto.at\/en\/#organization","name":"Automotive Zulieferindustrie","alternateName":"ARGE-Auto","url":"https:\/\/www.arge-auto.at\/en\/","logo":{"@type":"ImageObject","inLanguage":"en-US","@id":"https:\/\/www.arge-auto.at\/en\/#\/schema\/logo\/image\/","url":"https:\/\/www.arge-auto.at\/wp-content\/uploads\/2022\/11\/Open-Graph-3.0.png","contentUrl":"https:\/\/www.arge-auto.at\/wp-content\/uploads\/2022\/11\/Open-Graph-3.0.png","width":1200,"height":600,"caption":"Automotive Zulieferindustrie"},"image":{"@id":"https:\/\/www.arge-auto.at\/en\/#\/schema\/logo\/image\/"}}]}},"_links":{"self":[{"href":"https:\/\/www.arge-auto.at\/en\/wp-json\/wp\/v2\/pages\/4612","targetHints":{"allow":["GET"]}}],"collection":[{"href":"https:\/\/www.arge-auto.at\/en\/wp-json\/wp\/v2\/pages"}],"about":[{"href":"https:\/\/www.arge-auto.at\/en\/wp-json\/wp\/v2\/types\/page"}],"author":[{"embeddable":true,"href":"https:\/\/www.arge-auto.at\/en\/wp-json\/wp\/v2\/users\/1"}],"replies":[{"embeddable":true,"href":"https:\/\/www.arge-auto.at\/en\/wp-json\/wp\/v2\/comments?post=4612"}],"version-history":[{"count":8,"href":"https:\/\/www.arge-auto.at\/en\/wp-json\/wp\/v2\/pages\/4612\/revisions"}],"predecessor-version":[{"id":11448,"href":"https:\/\/www.arge-auto.at\/en\/wp-json\/wp\/v2\/pages\/4612\/revisions\/11448"}],"wp:attachment":[{"href":"https:\/\/www.arge-auto.at\/en\/wp-json\/wp\/v2\/media?parent=4612"}],"curies":[{"name":"wp","href":"https:\/\/api.w.org\/{rel}","templated":true}]}}